{"id":32,"date":"2026-02-27T14:39:54","date_gmt":"2026-02-27T13:39:54","guid":{"rendered":"https:\/\/blu-car.eu\/zespol\/"},"modified":"2026-02-27T14:45:15","modified_gmt":"2026-02-27T13:45:15","slug":"zespol","status":"publish","type":"page","link":"https:\/\/blu-car.eu\/en\/zespol\/","title":{"rendered":"Zesp\u00f3\u0142"},"content":{"rendered":"<div class=\"wp-block-group alignfull is-style-ext-preset--group--natural-1--section has-background-background-color has-background has-global-padding is-layout-constrained wp-block-group-is-layout-constrained\" id=\"o-nas\" style=\"margin-top:0;margin-bottom:0;padding-top:var(--wp--preset--spacing--70);padding-bottom:var(--wp--preset--spacing--70)\">\n<div class=\"wp-block-columns alignwide are-vertically-aligned-center is-layout-flex wp-container-core-columns-is-layout-174606dc wp-block-columns-is-layout-flex\">\n<div class=\"wp-block-column is-vertically-aligned-center is-layout-flow wp-block-column-is-layout-flow\">\n<figure class=\"wp-block-image is-style-ext-preset--image--natural-1--image-1--content-right ext-animate--on is-style-ext-preset--image--natural-1--image-1--content-right--2\"><img loading=\"lazy\" decoding=\"async\" width=\"960\" height=\"1440\" class=\"wp-image-58\" src=\"https:\/\/blu-car.eu\/wp-content\/uploads\/2026\/02\/82aa5a62351a2baf0b5e1c316ee931e9e7b7d917.jpg\" alt=\"\" style=\"aspect-ratio:1;object-fit:cover\" srcset=\"https:\/\/blu-car.eu\/wp-content\/uploads\/2026\/02\/82aa5a62351a2baf0b5e1c316ee931e9e7b7d917.jpg 960w, https:\/\/blu-car.eu\/wp-content\/uploads\/2026\/02\/82aa5a62351a2baf0b5e1c316ee931e9e7b7d917-200x300.jpg 200w, https:\/\/blu-car.eu\/wp-content\/uploads\/2026\/02\/82aa5a62351a2baf0b5e1c316ee931e9e7b7d917-683x1024.jpg 683w, https:\/\/blu-car.eu\/wp-content\/uploads\/2026\/02\/82aa5a62351a2baf0b5e1c316ee931e9e7b7d917-768x1152.jpg 768w, https:\/\/blu-car.eu\/wp-content\/uploads\/2026\/02\/82aa5a62351a2baf0b5e1c316ee931e9e7b7d917-8x12.jpg 8w\" sizes=\"auto, (max-width: 960px) 100vw, 960px\" \/><\/figure>\n<\/div>\n\n\n\n<div class=\"wp-block-column is-vertically-aligned-center is-layout-flow wp-block-column-is-layout-flow\">\n<h2 class=\"wp-block-heading ext-animate--on\">Bezpieczny transport pojazd\u00f3w w Europie<\/h2>\n\n\n\n<p class=\"ext-animate--on\" style=\"margin-top:1.5rem\">Ta sekcja podkre\u015bla misj\u0119 i warto\u015bci Twojej firmy, oferuj\u0105c zwi\u0119z\u0142y przegl\u0105d jej cel\u00f3w i celu. Zapewnia wgl\u0105d w wizj\u0119, kt\u00f3ra kieruje decyzjami biznesowymi i kierunkiem Twojej dzia\u0142alno\u015bci.<\/p>\n<\/div>\n<\/div>\n<\/div>\n\n<div class=\"wp-block-group alignfull is-style-ext-preset--group--natural-1--section has-tertiary-background-color has-background has-global-padding is-layout-constrained wp-container-core-group-is-layout-e955bbaf wp-block-group-is-layout-constrained\" id=\"zespol\" style=\"margin-top:0;margin-bottom:0;padding-top:var(--wp--preset--spacing--70);padding-bottom:var(--wp--preset--spacing--70)\">\n<h2 class=\"wp-block-heading has-text-align-center ext-animate--on\">Transport samochod\u00f3w na najwy\u017cszym poziomie<\/h2>\n\n\n\n<p class=\"has-text-align-center ext-animate--on\" style=\"margin-top:1.5rem\">Ta sekcja zawiera kr\u00f3tki przegl\u0105d utalentowanych profesjonalist\u00f3w w naszym zespole.<\/p>\n\n\n\n<div class=\"wp-block-columns alignwide is-layout-flex wp-container-core-columns-is-layout-08c01c1c wp-block-columns-is-layout-flex\">\n<div class=\"wp-block-column is-vertically-aligned-stretch ext-animate--on is-layout-flow wp-block-column-is-layout-flow\">\n<div class=\"wp-block-group is-style-ext-preset--group--natural-1--item-card-1--align-center has-global-padding is-layout-constrained wp-block-group-is-layout-constrained is-style-ext-preset--group--natural-1--item-card-1--align-center--4\">\n<figure class=\"wp-block-image\"><img loading=\"lazy\" decoding=\"async\" width=\"1280\" height=\"1920\" class=\"wp-image-65\" src=\"https:\/\/blu-car.eu\/wp-content\/uploads\/2026\/02\/36a54e0622f55fe74c283ea0fec349967e420444.jpg\" alt=\"\" style=\"aspect-ratio:1;object-fit:cover\" srcset=\"https:\/\/blu-car.eu\/wp-content\/uploads\/2026\/02\/36a54e0622f55fe74c283ea0fec349967e420444.jpg 1280w, https:\/\/blu-car.eu\/wp-content\/uploads\/2026\/02\/36a54e0622f55fe74c283ea0fec349967e420444-200x300.jpg 200w, https:\/\/blu-car.eu\/wp-content\/uploads\/2026\/02\/36a54e0622f55fe74c283ea0fec349967e420444-683x1024.jpg 683w, https:\/\/blu-car.eu\/wp-content\/uploads\/2026\/02\/36a54e0622f55fe74c283ea0fec349967e420444-768x1152.jpg 768w, https:\/\/blu-car.eu\/wp-content\/uploads\/2026\/02\/36a54e0622f55fe74c283ea0fec349967e420444-1024x1536.jpg 1024w, https:\/\/blu-car.eu\/wp-content\/uploads\/2026\/02\/36a54e0622f55fe74c283ea0fec349967e420444-8x12.jpg 8w\" sizes=\"auto, (max-width: 1280px) 100vw, 1280px\" \/><\/figure>\n\n\n\n<div class=\"wp-block-group is-style-default has-global-padding is-layout-constrained wp-block-group-is-layout-constrained\">\n<h3 class=\"wp-block-heading\" style=\"font-size:clamp(14px, 0.875rem + ((1vw - 3.2px) * 0.625), 20px);\">Cz\u0142onek Zespo\u0142u Jeden<\/h3>\n\n\n\n<p style=\"margin-top:0;margin-bottom:0;font-size:clamp(14px, 0.875rem + ((1vw - 3.2px) * 0.417), 18px);\">Stanowisko pracy jeden<\/p>\n\n\n\n<p>Ten cz\u0142onek zespo\u0142u przynosi lata do\u015bwiadczenia i bogactwo wiedzy.<\/p>\n\n\n\n<ul class=\"wp-block-social-links has-normal-icon-size has-icon-color is-style-logos-only is-content-justification-center is-layout-flex wp-container-core-social-links-is-layout-4ee90c78 wp-block-social-links-is-layout-flex\" style=\"margin-top:24px\"><li style=\"color:#0B0620;\" class=\"wp-social-link wp-social-link-linkedin has-foreground-color wp-block-social-link\"><a href=\"#\" class=\"wp-block-social-link-anchor\"><svg width=\"24\" height=\"24\" viewbox=\"0 0 24 24\" version=\"1.1\" xmlns=\"http:\/\/www.w3.org\/2000\/svg\" aria-hidden=\"true\" focusable=\"false\"><path d=\"M19.7,3H4.3C3.582,3,3,3.582,3,4.3v15.4C3,20.418,3.582,21,4.3,21h15.4c0.718,0,1.3-0.582,1.3-1.3V4.3 C21,3.582,20.418,3,19.7,3z M8.339,18.338H5.667v-8.59h2.672V18.338z M7.004,8.574c-0.857,0-1.549-0.694-1.549-1.548 c0-0.855,0.691-1.548,1.549-1.548c0.854,0,1.547,0.694,1.547,1.548C8.551,7.881,7.858,8.574,7.004,8.574z M18.339,18.338h-2.669 v-4.177c0-0.996-0.017-2.278-1.387-2.278c-1.389,0-1.601,1.086-1.601,2.206v4.249h-2.667v-8.59h2.559v1.174h0.037 c0.356-0.675,1.227-1.387,2.526-1.387c2.703,0,3.203,1.779,3.203,4.092V18.338z\"><\/path><\/svg><span class=\"wp-block-social-link-label screen-reader-text\">LinkedIn<\/span><\/a><\/li>\n\n<li style=\"color:#0B0620;\" class=\"wp-social-link wp-social-link-x has-foreground-color wp-block-social-link\"><a href=\"#\" class=\"wp-block-social-link-anchor\"><svg width=\"24\" height=\"24\" viewbox=\"0 0 24 24\" version=\"1.1\" xmlns=\"http:\/\/www.w3.org\/2000\/svg\" aria-hidden=\"true\" focusable=\"false\"><path d=\"M13.982 10.622 20.54 3h-1.554l-5.693 6.618L8.745 3H3.5l6.876 10.007L3.5 21h1.554l6.012-6.989L15.868 21h5.245l-7.131-10.378Zm-2.128 2.474-.697-.997-5.543-7.93H8l4.474 6.4.697.996 5.815 8.318h-2.387l-4.745-6.787Z\" \/><\/svg><span class=\"wp-block-social-link-label screen-reader-text\">X<\/span><\/a><\/li>\n\n<li style=\"color:#0B0620;\" class=\"wp-social-link wp-social-link-dribbble has-foreground-color wp-block-social-link\"><a href=\"#\" class=\"wp-block-social-link-anchor\"><svg width=\"24\" height=\"24\" viewbox=\"0 0 24 24\" version=\"1.1\" xmlns=\"http:\/\/www.w3.org\/2000\/svg\" aria-hidden=\"true\" focusable=\"false\"><path d=\"M12,22C6.486,22,2,17.514,2,12S6.486,2,12,2c5.514,0,10,4.486,10,10S17.514,22,12,22z M20.434,13.369 c-0.292-0.092-2.644-0.794-5.32-0.365c1.117,3.07,1.572,5.57,1.659,6.09C18.689,17.798,20.053,15.745,20.434,13.369z M15.336,19.876c-0.127-0.749-0.623-3.361-1.822-6.477c-0.019,0.006-0.038,0.013-0.056,0.019c-4.818,1.679-6.547,5.02-6.701,5.334 c1.448,1.129,3.268,1.803,5.243,1.803C13.183,20.555,14.311,20.313,15.336,19.876z M5.654,17.724 c0.193-0.331,2.538-4.213,6.943-5.637c0.111-0.036,0.224-0.07,0.337-0.102c-0.214-0.485-0.448-0.971-0.692-1.45 c-4.266,1.277-8.405,1.223-8.778,1.216c-0.003,0.087-0.004,0.174-0.004,0.261C3.458,14.207,4.29,16.21,5.654,17.724z M3.639,10.264 c0.382,0.005,3.901,0.02,7.897-1.041c-1.415-2.516-2.942-4.631-3.167-4.94C5.979,5.41,4.193,7.613,3.639,10.264z M9.998,3.709 c0.236,0.316,1.787,2.429,3.187,5c3.037-1.138,4.323-2.867,4.477-3.085C16.154,4.286,14.17,3.471,12,3.471 C11.311,3.471,10.641,3.554,9.998,3.709z M18.612,6.612C18.432,6.855,17,8.69,13.842,9.979c0.199,0.407,0.389,0.821,0.567,1.237 c0.063,0.148,0.124,0.295,0.184,0.441c2.842-0.357,5.666,0.215,5.948,0.275C20.522,9.916,19.801,8.065,18.612,6.612z\"><\/path><\/svg><span class=\"wp-block-social-link-label screen-reader-text\">Dribbble<\/span><\/a><\/li><\/ul>\n<\/div>\n<\/div>\n<\/div>\n\n\n\n<div class=\"wp-block-column is-vertically-aligned-stretch ext-animate--on is-layout-flow wp-block-column-is-layout-flow\">\n<div class=\"wp-block-group is-style-ext-preset--group--natural-1--item-card-1--align-center has-global-padding is-layout-constrained wp-block-group-is-layout-constrained is-style-ext-preset--group--natural-1--item-card-1--align-center--5\">\n<figure class=\"wp-block-image\"><img loading=\"lazy\" decoding=\"async\" width=\"1280\" height=\"1828\" class=\"wp-image-66\" src=\"https:\/\/blu-car.eu\/wp-content\/uploads\/2026\/02\/2b783ce0fcce64ff67550eff598174e761599f21.jpg\" alt=\"\" style=\"aspect-ratio:1;object-fit:cover\" srcset=\"https:\/\/blu-car.eu\/wp-content\/uploads\/2026\/02\/2b783ce0fcce64ff67550eff598174e761599f21.jpg 1280w, https:\/\/blu-car.eu\/wp-content\/uploads\/2026\/02\/2b783ce0fcce64ff67550eff598174e761599f21-210x300.jpg 210w, https:\/\/blu-car.eu\/wp-content\/uploads\/2026\/02\/2b783ce0fcce64ff67550eff598174e761599f21-717x1024.jpg 717w, https:\/\/blu-car.eu\/wp-content\/uploads\/2026\/02\/2b783ce0fcce64ff67550eff598174e761599f21-768x1097.jpg 768w, https:\/\/blu-car.eu\/wp-content\/uploads\/2026\/02\/2b783ce0fcce64ff67550eff598174e761599f21-1076x1536.jpg 1076w, https:\/\/blu-car.eu\/wp-content\/uploads\/2026\/02\/2b783ce0fcce64ff67550eff598174e761599f21-8x12.jpg 8w\" sizes=\"auto, (max-width: 1280px) 100vw, 1280px\" \/><\/figure>\n\n\n\n<div class=\"wp-block-group is-style-default has-global-padding is-layout-constrained wp-block-group-is-layout-constrained\">\n<h3 class=\"wp-block-heading\" style=\"font-size:clamp(14px, 0.875rem + ((1vw - 3.2px) * 0.625), 20px);\">Cz\u0142onek zespo\u0142u numer dwa<\/h3>\n\n\n\n<p style=\"margin-top:0;margin-bottom:0;font-size:clamp(14px, 0.875rem + ((1vw - 3.2px) * 0.417), 18px);\">Stanowisko pracy numer dwa<\/p>\n\n\n\n<p>Ten cz\u0142onek zespo\u0142u jest znany z kreatywno\u015bci i umiej\u0119tno\u015bci rozwi\u0105zywania problem\u00f3w.<\/p>\n\n\n\n<ul class=\"wp-block-social-links has-normal-icon-size has-icon-color is-style-logos-only is-content-justification-center is-layout-flex wp-container-core-social-links-is-layout-4ee90c78 wp-block-social-links-is-layout-flex\" style=\"margin-top:24px\"><li style=\"color:#0B0620;\" class=\"wp-social-link wp-social-link-linkedin has-foreground-color wp-block-social-link\"><a href=\"#\" class=\"wp-block-social-link-anchor\"><svg width=\"24\" height=\"24\" viewbox=\"0 0 24 24\" version=\"1.1\" xmlns=\"http:\/\/www.w3.org\/2000\/svg\" aria-hidden=\"true\" focusable=\"false\"><path d=\"M19.7,3H4.3C3.582,3,3,3.582,3,4.3v15.4C3,20.418,3.582,21,4.3,21h15.4c0.718,0,1.3-0.582,1.3-1.3V4.3 C21,3.582,20.418,3,19.7,3z M8.339,18.338H5.667v-8.59h2.672V18.338z M7.004,8.574c-0.857,0-1.549-0.694-1.549-1.548 c0-0.855,0.691-1.548,1.549-1.548c0.854,0,1.547,0.694,1.547,1.548C8.551,7.881,7.858,8.574,7.004,8.574z M18.339,18.338h-2.669 v-4.177c0-0.996-0.017-2.278-1.387-2.278c-1.389,0-1.601,1.086-1.601,2.206v4.249h-2.667v-8.59h2.559v1.174h0.037 c0.356-0.675,1.227-1.387,2.526-1.387c2.703,0,3.203,1.779,3.203,4.092V18.338z\"><\/path><\/svg><span class=\"wp-block-social-link-label screen-reader-text\">LinkedIn<\/span><\/a><\/li>\n\n<li style=\"color:#0B0620;\" class=\"wp-social-link wp-social-link-x has-foreground-color wp-block-social-link\"><a href=\"#\" class=\"wp-block-social-link-anchor\"><svg width=\"24\" height=\"24\" viewbox=\"0 0 24 24\" version=\"1.1\" xmlns=\"http:\/\/www.w3.org\/2000\/svg\" aria-hidden=\"true\" focusable=\"false\"><path d=\"M13.982 10.622 20.54 3h-1.554l-5.693 6.618L8.745 3H3.5l6.876 10.007L3.5 21h1.554l6.012-6.989L15.868 21h5.245l-7.131-10.378Zm-2.128 2.474-.697-.997-5.543-7.93H8l4.474 6.4.697.996 5.815 8.318h-2.387l-4.745-6.787Z\" \/><\/svg><span class=\"wp-block-social-link-label screen-reader-text\">X<\/span><\/a><\/li>\n\n<li style=\"color:#0B0620;\" class=\"wp-social-link wp-social-link-dribbble has-foreground-color wp-block-social-link\"><a href=\"#\" class=\"wp-block-social-link-anchor\"><svg width=\"24\" height=\"24\" viewbox=\"0 0 24 24\" version=\"1.1\" xmlns=\"http:\/\/www.w3.org\/2000\/svg\" aria-hidden=\"true\" focusable=\"false\"><path d=\"M12,22C6.486,22,2,17.514,2,12S6.486,2,12,2c5.514,0,10,4.486,10,10S17.514,22,12,22z M20.434,13.369 c-0.292-0.092-2.644-0.794-5.32-0.365c1.117,3.07,1.572,5.57,1.659,6.09C18.689,17.798,20.053,15.745,20.434,13.369z M15.336,19.876c-0.127-0.749-0.623-3.361-1.822-6.477c-0.019,0.006-0.038,0.013-0.056,0.019c-4.818,1.679-6.547,5.02-6.701,5.334 c1.448,1.129,3.268,1.803,5.243,1.803C13.183,20.555,14.311,20.313,15.336,19.876z M5.654,17.724 c0.193-0.331,2.538-4.213,6.943-5.637c0.111-0.036,0.224-0.07,0.337-0.102c-0.214-0.485-0.448-0.971-0.692-1.45 c-4.266,1.277-8.405,1.223-8.778,1.216c-0.003,0.087-0.004,0.174-0.004,0.261C3.458,14.207,4.29,16.21,5.654,17.724z M3.639,10.264 c0.382,0.005,3.901,0.02,7.897-1.041c-1.415-2.516-2.942-4.631-3.167-4.94C5.979,5.41,4.193,7.613,3.639,10.264z M9.998,3.709 c0.236,0.316,1.787,2.429,3.187,5c3.037-1.138,4.323-2.867,4.477-3.085C16.154,4.286,14.17,3.471,12,3.471 C11.311,3.471,10.641,3.554,9.998,3.709z M18.612,6.612C18.432,6.855,17,8.69,13.842,9.979c0.199,0.407,0.389,0.821,0.567,1.237 c0.063,0.148,0.124,0.295,0.184,0.441c2.842-0.357,5.666,0.215,5.948,0.275C20.522,9.916,19.801,8.065,18.612,6.612z\"><\/path><\/svg><span class=\"wp-block-social-link-label screen-reader-text\">Dribbble<\/span><\/a><\/li><\/ul>\n<\/div>\n<\/div>\n<\/div>\n\n\n\n<div class=\"wp-block-column is-vertically-aligned-stretch ext-animate--on is-layout-flow wp-block-column-is-layout-flow\">\n<div class=\"wp-block-group is-style-ext-preset--group--natural-1--item-card-1--align-center has-global-padding is-layout-constrained wp-block-group-is-layout-constrained is-style-ext-preset--group--natural-1--item-card-1--align-center--6\">\n<figure class=\"wp-block-image\"><img loading=\"lazy\" decoding=\"async\" width=\"1280\" height=\"1920\" class=\"wp-image-67\" src=\"https:\/\/blu-car.eu\/wp-content\/uploads\/2026\/02\/ad4a7a9e98786fd01a32e2bb82ad02c6c0f18f7a.jpg\" alt=\"\" style=\"aspect-ratio:1;object-fit:cover\" srcset=\"https:\/\/blu-car.eu\/wp-content\/uploads\/2026\/02\/ad4a7a9e98786fd01a32e2bb82ad02c6c0f18f7a.jpg 1280w, https:\/\/blu-car.eu\/wp-content\/uploads\/2026\/02\/ad4a7a9e98786fd01a32e2bb82ad02c6c0f18f7a-200x300.jpg 200w, https:\/\/blu-car.eu\/wp-content\/uploads\/2026\/02\/ad4a7a9e98786fd01a32e2bb82ad02c6c0f18f7a-683x1024.jpg 683w, https:\/\/blu-car.eu\/wp-content\/uploads\/2026\/02\/ad4a7a9e98786fd01a32e2bb82ad02c6c0f18f7a-768x1152.jpg 768w, https:\/\/blu-car.eu\/wp-content\/uploads\/2026\/02\/ad4a7a9e98786fd01a32e2bb82ad02c6c0f18f7a-1024x1536.jpg 1024w, https:\/\/blu-car.eu\/wp-content\/uploads\/2026\/02\/ad4a7a9e98786fd01a32e2bb82ad02c6c0f18f7a-8x12.jpg 8w\" sizes=\"auto, (max-width: 1280px) 100vw, 1280px\" \/><\/figure>\n\n\n\n<div class=\"wp-block-group is-style-default has-global-padding is-layout-constrained wp-block-group-is-layout-constrained\">\n<h3 class=\"wp-block-heading\" style=\"font-size:clamp(14px, 0.875rem + ((1vw - 3.2px) * 0.625), 20px);\">Cz\u0142onek Zespo\u0142u Trzy<\/h3>\n\n\n\n<p style=\"margin-top:0;margin-bottom:0;font-size:clamp(14px, 0.875rem + ((1vw - 3.2px) * 0.417), 18px);\">Stanowisko pracy trzy<\/p>\n\n\n\n<p>Ten cz\u0142onek zespo\u0142u specjalizuje si\u0119 w ekspertyzie technicznej i innowacyjnych rozwi\u0105zaniach.<\/p>\n\n\n\n<ul class=\"wp-block-social-links has-normal-icon-size has-icon-color is-style-logos-only is-content-justification-center is-layout-flex wp-container-core-social-links-is-layout-4ee90c78 wp-block-social-links-is-layout-flex\" style=\"margin-top:24px\"><li style=\"color:#0B0620;\" class=\"wp-social-link wp-social-link-linkedin has-foreground-color wp-block-social-link\"><a href=\"#\" class=\"wp-block-social-link-anchor\"><svg width=\"24\" height=\"24\" viewbox=\"0 0 24 24\" version=\"1.1\" xmlns=\"http:\/\/www.w3.org\/2000\/svg\" aria-hidden=\"true\" focusable=\"false\"><path d=\"M19.7,3H4.3C3.582,3,3,3.582,3,4.3v15.4C3,20.418,3.582,21,4.3,21h15.4c0.718,0,1.3-0.582,1.3-1.3V4.3 C21,3.582,20.418,3,19.7,3z M8.339,18.338H5.667v-8.59h2.672V18.338z M7.004,8.574c-0.857,0-1.549-0.694-1.549-1.548 c0-0.855,0.691-1.548,1.549-1.548c0.854,0,1.547,0.694,1.547,1.548C8.551,7.881,7.858,8.574,7.004,8.574z M18.339,18.338h-2.669 v-4.177c0-0.996-0.017-2.278-1.387-2.278c-1.389,0-1.601,1.086-1.601,2.206v4.249h-2.667v-8.59h2.559v1.174h0.037 c0.356-0.675,1.227-1.387,2.526-1.387c2.703,0,3.203,1.779,3.203,4.092V18.338z\"><\/path><\/svg><span class=\"wp-block-social-link-label screen-reader-text\">LinkedIn<\/span><\/a><\/li>\n\n<li style=\"color:#0B0620;\" class=\"wp-social-link wp-social-link-x has-foreground-color wp-block-social-link\"><a href=\"#\" class=\"wp-block-social-link-anchor\"><svg width=\"24\" height=\"24\" viewbox=\"0 0 24 24\" version=\"1.1\" xmlns=\"http:\/\/www.w3.org\/2000\/svg\" aria-hidden=\"true\" focusable=\"false\"><path d=\"M13.982 10.622 20.54 3h-1.554l-5.693 6.618L8.745 3H3.5l6.876 10.007L3.5 21h1.554l6.012-6.989L15.868 21h5.245l-7.131-10.378Zm-2.128 2.474-.697-.997-5.543-7.93H8l4.474 6.4.697.996 5.815 8.318h-2.387l-4.745-6.787Z\" \/><\/svg><span class=\"wp-block-social-link-label screen-reader-text\">X<\/span><\/a><\/li>\n\n<li style=\"color:#0B0620;\" class=\"wp-social-link wp-social-link-dribbble has-foreground-color wp-block-social-link\"><a href=\"#\" class=\"wp-block-social-link-anchor\"><svg width=\"24\" height=\"24\" viewbox=\"0 0 24 24\" version=\"1.1\" xmlns=\"http:\/\/www.w3.org\/2000\/svg\" aria-hidden=\"true\" focusable=\"false\"><path d=\"M12,22C6.486,22,2,17.514,2,12S6.486,2,12,2c5.514,0,10,4.486,10,10S17.514,22,12,22z M20.434,13.369 c-0.292-0.092-2.644-0.794-5.32-0.365c1.117,3.07,1.572,5.57,1.659,6.09C18.689,17.798,20.053,15.745,20.434,13.369z M15.336,19.876c-0.127-0.749-0.623-3.361-1.822-6.477c-0.019,0.006-0.038,0.013-0.056,0.019c-4.818,1.679-6.547,5.02-6.701,5.334 c1.448,1.129,3.268,1.803,5.243,1.803C13.183,20.555,14.311,20.313,15.336,19.876z M5.654,17.724 c0.193-0.331,2.538-4.213,6.943-5.637c0.111-0.036,0.224-0.07,0.337-0.102c-0.214-0.485-0.448-0.971-0.692-1.45 c-4.266,1.277-8.405,1.223-8.778,1.216c-0.003,0.087-0.004,0.174-0.004,0.261C3.458,14.207,4.29,16.21,5.654,17.724z M3.639,10.264 c0.382,0.005,3.901,0.02,7.897-1.041c-1.415-2.516-2.942-4.631-3.167-4.94C5.979,5.41,4.193,7.613,3.639,10.264z M9.998,3.709 c0.236,0.316,1.787,2.429,3.187,5c3.037-1.138,4.323-2.867,4.477-3.085C16.154,4.286,14.17,3.471,12,3.471 C11.311,3.471,10.641,3.554,9.998,3.709z M18.612,6.612C18.432,6.855,17,8.69,13.842,9.979c0.199,0.407,0.389,0.821,0.567,1.237 c0.063,0.148,0.124,0.295,0.184,0.441c2.842-0.357,5.666,0.215,5.948,0.275C20.522,9.916,19.801,8.065,18.612,6.612z\"><\/path><\/svg><span class=\"wp-block-social-link-label screen-reader-text\">Dribbble<\/span><\/a><\/li><\/ul>\n<\/div>\n<\/div>\n<\/div>\n<\/div>\n<\/div>\n\n<div class=\"wp-block-group alignfull is-style-ext-preset--group--natural-1--section has-background-background-color has-background has-global-padding is-layout-constrained wp-container-core-group-is-layout-e955bbaf wp-block-group-is-layout-constrained\" style=\"margin-top:0;margin-bottom:0;padding-top:var(--wp--preset--spacing--70);padding-bottom:var(--wp--preset--spacing--70)\">\n<h2 class=\"wp-block-heading has-text-align-center ext-animate--on\">Zbudowane na zaufaniu, poparte dowodami<\/h2>\n\n\n\n<p class=\"has-text-align-center ext-animate--on\" style=\"margin-top:1.5rem\">Ta sekcja podkre\u015bla kluczowe certyfikaty, \u015brodki bezpiecze\u0144stwa oraz uznanie w bran\u017cy, kt\u00f3re zapewniaj\u0105 niezawodno\u015b\u0107 i godno\u015b\u0107 zaufania.<\/p>\n\n\n\n<div class=\"wp-block-columns alignwide is-layout-flex wp-container-core-columns-is-layout-08c01c1c wp-block-columns-is-layout-flex\">\n<div class=\"wp-block-column is-vertically-aligned-stretch ext-animate--on is-layout-flow wp-container-core-column-is-layout-f5bb311e wp-block-column-is-layout-flow\">\n<div class=\"wp-block-group is-style-ext-preset--group--natural-1--item-card-1--align-center has-global-padding is-layout-constrained wp-block-group-is-layout-constrained is-style-ext-preset--group--natural-1--item-card-1--align-center--8\">\n<div class=\"wp-block-group is-style-default has-global-padding is-layout-constrained wp-block-group-is-layout-constrained\">\n<figure class=\"wp-block-image aligncenter size-large ext-aspect-landscape wp-duotone-primary-foreground\"><img decoding=\"async\" src=\"data:image\/svg+xml;base64,PHN2ZyB4bWxucz0iaHR0cDovL3d3dy53My5vcmcvMjAwMC9zdmciIHdpZHRoPSI0OCIgaGVpZ2h0PSI0OCIgZmlsbD0iIzAwMDAwMCIgdmlld0JveD0iMCAwIDI1NiAyNTYiPjxwYXRoIGQ9Ik0xNzIsNzZhNDQsNDQsMCwxLDAtNDQsNDRBNDQuMDUsNDQuMDUsMCwwLDAsMTcyLDc2Wm0tNDQsMjhhMjgsMjgsMCwxLDEsMjgtMjhBMjgsMjgsMCwwLDEsMTI4LDEwNFptNjAsMjRhNDQsNDQsMCwxLDAsNDQsNDRBNDQuMDUsNDQuMDUsMCwwLDAsMTg4LDEyOFptMCw3MmEyOCwyOCwwLDEsMSwyOC0yOEEyOCwyOCwwLDAsMSwxODgsMjAwWk02OCwxMjhhNDQsNDQsMCwxLDAsNDQsNDRBNDQuMDUsNDQuMDUsMCwwLDAsNjgsMTI4Wm0wLDcyYTI4LDI4LDAsMSwxLDI4LTI4QTI4LDI4LDAsMCwxLDY4LDIwMFoiPjwvcGF0aD48L3N2Zz4=\" alt=\"\" style=\"object-fit:cover\"\/><\/figure>\n\n\n\n<h3 class=\"wp-block-heading has-text-align-center\">Pierwszy tytu\u0142 odznaki zaufania<\/h3>\n\n\n\n<p class=\"has-text-align-center\">To jest pierwszy opis odznaki zaufania, wyja\u015bniaj\u0105cy certyfikacj\u0119 lub uznanie oraz dlaczego to ma znaczenie.<\/p>\n<\/div>\n<\/div>\n<\/div>\n\n\n\n<div class=\"wp-block-column is-vertically-aligned-stretch ext-animate--on is-layout-flow wp-container-core-column-is-layout-f5bb311e wp-block-column-is-layout-flow\">\n<div class=\"wp-block-group is-style-ext-preset--group--natural-1--item-card-1--align-center has-global-padding is-layout-constrained wp-block-group-is-layout-constrained is-style-ext-preset--group--natural-1--item-card-1--align-center--9\">\n<div class=\"wp-block-group is-style-default has-global-padding is-layout-constrained wp-block-group-is-layout-constrained\">\n<figure class=\"wp-block-image aligncenter size-large ext-aspect-landscape wp-duotone-primary-foreground\"><img decoding=\"async\" src=\"data:image\/svg+xml;base64,PHN2ZyB4bWxucz0iaHR0cDovL3d3dy53My5vcmcvMjAwMC9zdmciIHdpZHRoPSI0OCIgaGVpZ2h0PSI0OCIgZmlsbD0iIzAwMDAwMCIgdmlld0JveD0iMCAwIDI1NiAyNTYiPjxwYXRoIGQ9Ik04MCw0MGE0MCw0MCwwLDEsMCw0MCw0MEE0MCw0MCwwLDAsMCw4MCw0MFptMCw2NGEyNCwyNCwwLDEsMSwyNC0yNEEyNCwyNCwwLDAsMSw4MCwxMDRabTk2LDE2YTQwLDQwLDAsMSwwLTQwLTQwQTQwLDQwLDAsMCwwLDE3NiwxMjBabTAtNjRhMjQsMjQsMCwxLDEtMjQsMjRBMjQsMjQsMCwwLDEsMTc2LDU2Wk04MCwxMzZhNDAsNDAsMCwxLDAsNDAsNDBBNDAsNDAsMCwwLDAsODAsMTM2Wm0wLDY0YTI0LDI0LDAsMSwxLDI0LTI0QTI0LDI0LDAsMCwxLDgwLDIwMFptOTYtNjRhNDAsNDAsMCwxLDAsNDAsNDBBNDAsNDAsMCwwLDAsMTc2LDEzNlptMCw2NGEyNCwyNCwwLDEsMSwyNC0yNEEyNCwyNCwwLDAsMSwxNzYsMjAwWiI+PC9wYXRoPjwvc3ZnPg==\" alt=\"\" style=\"object-fit:cover\"\/><\/figure>\n\n\n\n<h3 class=\"wp-block-heading has-text-align-center\">Drugi tytu\u0142 odznaki zaufania<\/h3>\n\n\n\n<p class=\"has-text-align-center\">To jest drugi opis odznaki zaufania, podkre\u015blaj\u0105cy jej znaczenie i spos\u00f3b, w jaki odzwierciedla wiarygodno\u015b\u0107.<\/p>\n<\/div>\n<\/div>\n<\/div>\n\n\n\n<div class=\"wp-block-column is-vertically-aligned-stretch ext-animate--on is-layout-flow wp-container-core-column-is-layout-f5bb311e wp-block-column-is-layout-flow\">\n<div class=\"wp-block-group is-style-ext-preset--group--natural-1--item-card-1--align-center has-global-padding is-layout-constrained wp-block-group-is-layout-constrained is-style-ext-preset--group--natural-1--item-card-1--align-center--10\">\n<div class=\"wp-block-group is-style-default has-global-padding is-layout-constrained wp-block-group-is-layout-constrained\">\n<figure class=\"wp-block-image aligncenter size-large ext-aspect-landscape wp-duotone-primary-foreground\"><img decoding=\"async\" src=\"data:image\/svg+xml;base64,PHN2ZyB4bWxucz0iaHR0cDovL3d3dy53My5vcmcvMjAwMC9zdmciIHdpZHRoPSI0OCIgaGVpZ2h0PSI0OCIgZmlsbD0iIzAwMDAwMCIgdmlld0JveD0iMCAwIDI1NiAyNTYiPjxwYXRoIGQ9Ik04MCw0MGE0MCw0MCwwLDEsMCw0MCw0MEE0MCw0MCwwLDAsMCw4MCw0MFptMCw2NGEyNCwyNCwwLDEsMSwyNC0yNEEyNCwyNCwwLDAsMSw4MCwxMDRabTk2LDE2YTQwLDQwLDAsMSwwLTQwLTQwQTQwLDQwLDAsMCwwLDE3NiwxMjBabTAtNjRhMjQsMjQsMCwxLDEtMjQsMjRBMjQsMjQsMCwwLDEsMTc2LDU2Wk04MCwxMzZhNDAsNDAsMCwxLDAsNDAsNDBBNDAsNDAsMCwwLDAsODAsMTM2Wm0wLDY0YTI0LDI0LDAsMSwxLDI0LTI0QTI0LDI0LDAsMCwxLDgwLDIwMFptMTM2LTI0YTgsOCwwLDAsMS04LDhIMTg0djI0YTgsOCwwLDAsMS0xNiwwVjE4NEgxNDRhOCw4LDAsMCwxLDAtMTZoMjRWMTQ0YTgsOCwwLDAsMSwxNiwwdjI0aDI0QTgsOCwwLDAsMSwyMTYsMTc2WiI+PC9wYXRoPjwvc3ZnPg==\" alt=\"\" style=\"object-fit:cover\"\/><\/figure>\n\n\n\n<h3 class=\"wp-block-heading has-text-align-center\">Trzeci tytu\u0142 odznaki zaufania<\/h3>\n\n\n\n<p class=\"has-text-align-center\">To trzeci opis odznaki zaufania, przedstawiaj\u0105cy warto\u015b\u0107 tego wyr\u00f3\u017cnienia i jego wp\u0142yw.<\/p>\n<\/div>\n<\/div>\n<\/div>\n<\/div>\n<\/div>","protected":false},"excerpt":{"rendered":"<p>Bezpieczny transport pojazd\u00f3w w Europie Ta sekcja podkre\u015bla misj\u0119 i warto\u015bci Twojej firmy, oferuj\u0105c zwi\u0119z\u0142y przegl\u0105d jej cel\u00f3w i celu. Zapewnia wgl\u0105d w wizj\u0119, kt\u00f3ra kieruje decyzjami biznesowymi i kierunkiem Twojej dzia\u0142alno\u015bci. Transport samochod\u00f3w na najwy\u017cszym poziomie Ta sekcja zawiera kr\u00f3tki przegl\u0105d utalentowanych profesjonalist\u00f3w w naszym zespole. Cz\u0142onek Zespo\u0142u Jeden Stanowisko pracy jeden Ten cz\u0142onek [&hellip;]<\/p>\n","protected":false},"author":1,"featured_media":0,"parent":0,"menu_order":0,"comment_status":"closed","ping_status":"closed","template":"page-with-title","meta":{"footnotes":""},"class_list":["post-32","page","type-page","status-publish","hentry"],"aioseo_notices":[],"_links":{"self":[{"href":"https:\/\/blu-car.eu\/en\/wp-json\/wp\/v2\/pages\/32","targetHints":{"allow":["GET"]}}],"collection":[{"href":"https:\/\/blu-car.eu\/en\/wp-json\/wp\/v2\/pages"}],"about":[{"href":"https:\/\/blu-car.eu\/en\/wp-json\/wp\/v2\/types\/page"}],"author":[{"embeddable":true,"href":"https:\/\/blu-car.eu\/en\/wp-json\/wp\/v2\/users\/1"}],"replies":[{"embeddable":true,"href":"https:\/\/blu-car.eu\/en\/wp-json\/wp\/v2\/comments?post=32"}],"version-history":[{"count":1,"href":"https:\/\/blu-car.eu\/en\/wp-json\/wp\/v2\/pages\/32\/revisions"}],"predecessor-version":[{"id":68,"href":"https:\/\/blu-car.eu\/en\/wp-json\/wp\/v2\/pages\/32\/revisions\/68"}],"wp:attachment":[{"href":"https:\/\/blu-car.eu\/en\/wp-json\/wp\/v2\/media?parent=32"}],"curies":[{"name":"wp","href":"https:\/\/api.w.org\/{rel}","templated":true}]}}